{"id":967,"date":"2016-09-08T15:34:28","date_gmt":"2016-09-08T15:34:28","guid":{"rendered":"http:\/\/solardocondehotel.com\/fr\/eventos\/"},"modified":"2019-02-22T13:51:44","modified_gmt":"2019-02-22T13:51:44","slug":"eventos","status":"publish","type":"page","link":"https:\/\/solardocondehotel.pt\/fr\/eventos\/","title":{"rendered":"\u00c9v\u00e9nements"},"content":{"rendered":"<p>Nous avons une grande exp\u00e9rience dans <strong>les mariages et les bapt\u00eames<\/strong>.<br \/>\nNotre espace dispose de tout ce dont vous avez besoin pour pr\u00e9parer vos r\u00e9ceptions.<\/p>\n","protected":false},"excerpt":{"rendered":"<p>Nous avons une grande exp\u00e9rience dans <strong>les mariages et les bapt\u00eames<\/strong>.<br \/>\nNotre espace dispose de tout ce dont vous avez besoin pour pr\u00e9parer vos r\u00e9ceptions.<\/p>\n","protected":false},"author":1,"featured_media":862,"parent":0,"menu_order":0,"comment_status":"closed","ping_status":"closed","template":"","meta":{"footnotes":""},"class_list":["post-967","page","type-page","status-publish","has-post-thumbnail","hentry"],"_links":{"self":[{"href":"https:\/\/solardocondehotel.pt\/fr\/wp-json\/wp\/v2\/pages\/967","targetHints":{"allow":["GET"]}}],"collection":[{"href":"https:\/\/solardocondehotel.pt\/fr\/wp-json\/wp\/v2\/pages"}],"about":[{"href":"https:\/\/solardocondehotel.pt\/fr\/wp-json\/wp\/v2\/types\/page"}],"author":[{"embeddable":true,"href":"https:\/\/solardocondehotel.pt\/fr\/wp-json\/wp\/v2\/users\/1"}],"replies":[{"embeddable":true,"href":"https:\/\/solardocondehotel.pt\/fr\/wp-json\/wp\/v2\/comments?post=967"}],"version-history":[{"count":1,"href":"https:\/\/solardocondehotel.pt\/fr\/wp-json\/wp\/v2\/pages\/967\/revisions"}],"predecessor-version":[{"id":970,"href":"https:\/\/solardocondehotel.pt\/fr\/wp-json\/wp\/v2\/pages\/967\/revisions\/970"}],"wp:featuredmedia":[{"embeddable":true,"href":"https:\/\/solardocondehotel.pt\/fr\/wp-json\/wp\/v2\/media\/862"}],"wp:attachment":[{"href":"https:\/\/solardocondehotel.pt\/fr\/wp-json\/wp\/v2\/media?parent=967"}],"curies":[{"name":"wp","href":"https:\/\/api.w.org\/{rel}","templated":true}]}}