{"id":963,"date":"2016-09-09T10:43:32","date_gmt":"2016-09-09T10:43:32","guid":{"rendered":"http:\/\/solardocondehotel.com\/de\/blog\/"},"modified":"2016-09-09T10:43:32","modified_gmt":"2016-09-09T10:43:32","slug":"blog","status":"publish","type":"page","link":"https:\/\/solardocondehotel.pt\/de\/blog\/","title":{"rendered":"Blog"},"content":{"rendered":"<p>\u00c9 um facto estabelecido de que um leitor \u00e9 distra\u00eddo pelo conte\u00fado leg\u00edvel de uma p\u00e1gina quando analisa a sua mancha gr\u00e1fica. Logo, o uso de Lorem Ipsum leva a uma distribui\u00e7\u00e3o<\/p>\n","protected":false},"excerpt":{"rendered":"<p>\u00c9 um facto estabelecido de que um leitor \u00e9 distra\u00eddo pelo conte\u00fado leg\u00edvel de uma p\u00e1gina quando analisa a sua mancha gr\u00e1fica. Logo, o uso de Lorem Ipsum leva a uma distribui\u00e7\u00e3o<\/p>\n","protected":false},"author":1,"featured_media":291,"parent":0,"menu_order":0,"comment_status":"closed","ping_status":"closed","template":"","meta":{"footnotes":""},"class_list":["post-963","page","type-page","status-publish","has-post-thumbnail","hentry"],"_links":{"self":[{"href":"https:\/\/solardocondehotel.pt\/de\/wp-json\/wp\/v2\/pages\/963","targetHints":{"allow":["GET"]}}],"collection":[{"href":"https:\/\/solardocondehotel.pt\/de\/wp-json\/wp\/v2\/pages"}],"about":[{"href":"https:\/\/solardocondehotel.pt\/de\/wp-json\/wp\/v2\/types\/page"}],"author":[{"embeddable":true,"href":"https:\/\/solardocondehotel.pt\/de\/wp-json\/wp\/v2\/users\/1"}],"replies":[{"embeddable":true,"href":"https:\/\/solardocondehotel.pt\/de\/wp-json\/wp\/v2\/comments?post=963"}],"version-history":[{"count":0,"href":"https:\/\/solardocondehotel.pt\/de\/wp-json\/wp\/v2\/pages\/963\/revisions"}],"wp:featuredmedia":[{"embeddable":true,"href":"https:\/\/solardocondehotel.pt\/de\/wp-json\/wp\/v2\/media\/291"}],"wp:attachment":[{"href":"https:\/\/solardocondehotel.pt\/de\/wp-json\/wp\/v2\/media?parent=963"}],"curies":[{"name":"wp","href":"https:\/\/api.w.org\/{rel}","templated":true}]}}