{"id":928,"date":"2016-08-25T22:25:50","date_gmt":"2016-08-25T22:25:50","guid":{"rendered":"http:\/\/solardocondehotel.com\/de\/restaurante\/"},"modified":"2025-08-08T15:44:10","modified_gmt":"2025-08-08T15:44:10","slug":"restaurante","status":"publish","type":"page","link":"https:\/\/solardocondehotel.pt\/de\/restaurante\/","title":{"rendered":"Restaurante &#038; Bar do Solar do Conde"},"content":{"rendered":"<p class=\"western\"><span style=\"color: #000000;\">\u00a0\u00a0\u00a0<b> O Solar do Conde <\/b> disp\u00f5e de duas salas de restaurante (restaurante do Solar e restaurante cozinha regional), al\u00e9m de uma sala de pequenos-almo\u00e7os \u201cfresca\u201d e \u201cveranil\u201d, com liga\u00e7\u00e3o \u00e0 piscina que pontualmente \u00e9 adaptada a eventos gastron\u00f3micos especiais.<\/span><\/p>\n<p class=\"western\"><span style=\"color: #000000;\">\u00a0\u00a0\u00a0 Temos dispon\u00edvel o servi\u00e7o de entrega de refei\u00e7\u00f5es no quarto e prepara\u00e7\u00e3o de picnics para poder explorar a ilha \u00e0 vontade sem ter que se preocupar. <\/span><\/p>\n<p>&nbsp;<\/p>\n","protected":false},"excerpt":{"rendered":"<p class=\"western\"><span style=\"color: #000000;\">\u00a0\u00a0\u00a0<b> O Solar do Conde <\/b> disp\u00f5e de duas salas de restaurante (restaurante do Solar e restaurante cozinha regional), al\u00e9m de uma sala de pequenos-almo\u00e7os \u201cfresca\u201d e \u201cveranil\u201d, com liga\u00e7\u00e3o \u00e0 piscina que pontualmente \u00e9 adaptada a eventos gastron\u00f3micos especiais.<\/span><\/p>\n<p class=\"western\"><span style=\"color: #000000;\">\u00a0\u00a0\u00a0 Temos dispon\u00edvel [&#8230;]<\/p>\n","protected":false},"author":1,"featured_media":0,"parent":0,"menu_order":0,"comment_status":"closed","ping_status":"closed","template":"","meta":{"footnotes":""},"class_list":["post-928","page","type-page","status-publish","hentry"],"_links":{"self":[{"href":"https:\/\/solardocondehotel.pt\/de\/wp-json\/wp\/v2\/pages\/928","targetHints":{"allow":["GET"]}}],"collection":[{"href":"https:\/\/solardocondehotel.pt\/de\/wp-json\/wp\/v2\/pages"}],"about":[{"href":"https:\/\/solardocondehotel.pt\/de\/wp-json\/wp\/v2\/types\/page"}],"author":[{"embeddable":true,"href":"https:\/\/solardocondehotel.pt\/de\/wp-json\/wp\/v2\/users\/1"}],"replies":[{"embeddable":true,"href":"https:\/\/solardocondehotel.pt\/de\/wp-json\/wp\/v2\/comments?post=928"}],"version-history":[{"count":8,"href":"https:\/\/solardocondehotel.pt\/de\/wp-json\/wp\/v2\/pages\/928\/revisions"}],"predecessor-version":[{"id":1542,"href":"https:\/\/solardocondehotel.pt\/de\/wp-json\/wp\/v2\/pages\/928\/revisions\/1542"}],"wp:attachment":[{"href":"https:\/\/solardocondehotel.pt\/de\/wp-json\/wp\/v2\/media?parent=928"}],"curies":[{"name":"wp","href":"https:\/\/api.w.org\/{rel}","templated":true}]}}