{"id":882,"date":"2016-09-07T16:45:25","date_gmt":"2016-09-07T16:45:25","guid":{"rendered":"http:\/\/solardocondehotel.com\/de\/hotel-servicos\/"},"modified":"2026-04-05T09:54:53","modified_gmt":"2026-04-05T09:54:53","slug":"hotel-servicos","status":"publish","type":"page","link":"https:\/\/solardocondehotel.pt\/de\/hotel-servicos\/","title":{"rendered":"Servi\u00e7os"},"content":{"rendered":"<p>O <b>Solar do Conde <\/b>\u00e9 um Hotel de 4 estrelas repleto de hist\u00f3ria, outrora moradia de um nobre Conde &#8211; Conde dos Fenais.<br \/>\nO empreendimento tur\u00edstico <b>Solar do Conde <\/b> situa-se na ilha de S. Miguel, na freguesia de Capelas, a 600 metros das piscinas naturais junto \u00e0 costa, a 12 Km do aeroporto de Ponta Delgada e a 6 Km do campo de Golf da Batalha.<\/p>\n<p>A tradi\u00e7\u00e3o, a hist\u00f3ria, a cultura e o romantismo fazem do Solar do Conde um produto \u00fanico e muito apreciado pelos visitantes. A vinda ao <b>Solar do Conde <\/b> \u00e9 uma experi\u00eancia multigeracional e cultural que vale a pena conferir.<\/p>\n<p><strong>As nossas instala\u00e7\u00f5es possuem:<\/strong><\/p>\n<p>&#8211; 10 suites (no edif\u00edcio principal secular)<br \/>\n&#8211; 27 apartamentos tur\u00edsticos T1 de quatro estrelas<br \/>\n(vivendas com kitchenette e sala-de-estar), dispersos na natureza.<br \/>\n&#8211; Sal\u00e3o de festas com capacidade m\u00e1xima para 300 pessoas<br \/>\n&#8211; Uma Capela,<br \/>\n&#8211; Uma sala de business center<br \/>\n&#8211; Um jardim bot\u00e2nico de 2,5 hectares com \u00e1rvores seculares<br \/>\n&#8211; 3 salas de restaurante, uma das quais com forno de lenha<br \/>\n&#8211; Piscina<br \/>\n&#8211; Sauna<br \/>\n&#8211; Banho Turco.<\/p>\n<p>Poder\u00e1 ainda consultar e visualizar quadros e pe\u00e7as antigas, caracter\u00edsticas da Regi\u00e3o e daquele tempo.<\/p>\n","protected":false},"excerpt":{"rendered":"<p>O <b>Solar do Conde <\/b>\u00e9 um Hotel de 4 estrelas repleto de hist\u00f3ria, outrora moradia de um nobre Conde &#8211; Conde dos Fenais.<br \/>\nO empreendimento tur\u00edstico <b>Solar do Conde <\/b> situa-se na ilha de S. Miguel, na freguesia de Capelas, a 600 metros das piscinas naturais junto \u00e0 costa, a 12 Km do aeroporto de Ponta Delgada e a 6 Km [&#8230;]<\/p>\n","protected":false},"author":1,"featured_media":285,"parent":0,"menu_order":0,"comment_status":"closed","ping_status":"closed","template":"","meta":{"footnotes":""},"class_list":["post-882","page","type-page","status-publish","has-post-thumbnail","hentry"],"_links":{"self":[{"href":"https:\/\/solardocondehotel.pt\/de\/wp-json\/wp\/v2\/pages\/882","targetHints":{"allow":["GET"]}}],"collection":[{"href":"https:\/\/solardocondehotel.pt\/de\/wp-json\/wp\/v2\/pages"}],"about":[{"href":"https:\/\/solardocondehotel.pt\/de\/wp-json\/wp\/v2\/types\/page"}],"author":[{"embeddable":true,"href":"https:\/\/solardocondehotel.pt\/de\/wp-json\/wp\/v2\/users\/1"}],"replies":[{"embeddable":true,"href":"https:\/\/solardocondehotel.pt\/de\/wp-json\/wp\/v2\/comments?post=882"}],"version-history":[{"count":7,"href":"https:\/\/solardocondehotel.pt\/de\/wp-json\/wp\/v2\/pages\/882\/revisions"}],"predecessor-version":[{"id":1602,"href":"https:\/\/solardocondehotel.pt\/de\/wp-json\/wp\/v2\/pages\/882\/revisions\/1602"}],"wp:featuredmedia":[{"embeddable":true,"href":"https:\/\/solardocondehotel.pt\/de\/wp-json\/wp\/v2\/media\/285"}],"wp:attachment":[{"href":"https:\/\/solardocondehotel.pt\/de\/wp-json\/wp\/v2\/media?parent=882"}],"curies":[{"name":"wp","href":"https:\/\/api.w.org\/{rel}","templated":true}]}}